{"id":78,"date":"2019-10-18T23:03:22","date_gmt":"2019-10-18T21:03:22","guid":{"rendered":"http:\/\/www.quenotelocuenten.es\/carpeta\/?page_id=78"},"modified":"2023-07-31T09:51:56","modified_gmt":"2023-07-31T07:51:56","slug":"bienvenidos","status":"publish","type":"page","link":"https:\/\/www.quenotelocuenten.es\/","title":{"rendered":"INICIO"},"content":{"rendered":"\t\t<div data-elementor-type=\"wp-post\" data-elementor-id=\"78\" class=\"elementor elementor-78\">\n\t\t\t\t\t\t<section class=\"elementor-section elementor-top-section elementor-element elementor-element-769bc0f elementor-section-boxed elementor-section-height-default elementor-section-height-default\" data-id=\"769bc0f\" data-element_type=\"section\">\n\t\t\t\t\t\t<div class=\"elementor-container elementor-column-gap-default\">\n\t\t\t\t\t<div class=\"elementor-column elementor-col-100 elementor-top-column elementor-element elementor-element-7b95c92\" data-id=\"7b95c92\" data-element_type=\"column\">\n\t\t\t<div class=\"elementor-widget-wrap elementor-element-populated\">\n\t\t\t\t\t\t<div class=\"elementor-element elementor-element-3ee87a8 elementor-widget elementor-widget-text-editor\" data-id=\"3ee87a8\" data-element_type=\"widget\" data-widget_type=\"text-editor.default\">\n\t\t\t\t<div class=\"elementor-widget-container\">\n\t\t\t\t\t\t\t\t\t<h4 style=\"text-align: center;\"><span style=\"color: #a73330;\"><strong><span style=\"font-family: tg-fbnarrow-regular; font-size: 24pt;\">CERRADO POR LA PANDEMIA<\/span><\/strong><\/span><\/h4><div style=\"text-align: center;\"><span style=\"color: #a73330;\"><strong><span style=\"font-family: tg-fbnarrow-regular; font-size: 24pt;\">\u00bfABRIREMOS UN NUEVO LOCAL?<\/span><\/strong><\/span><\/div><div style=\"text-align: center;\"><span style=\"color: #a73330;\"><strong><span style=\"font-family: tg-fbnarrow-regular; font-size: 24pt;\">Nos gustar\u00eda, pero de momento NO tenemos planes.\u00a0<\/span><\/strong><\/span><\/div>\t\t\t\t\t\t\t\t<\/div>\n\t\t\t\t<\/div>\n\t\t\t\t\t<\/div>\n\t\t<\/div>\n\t\t\t\t\t<\/div>\n\t\t<\/section>\n\t\t\t\t<section class=\"elementor-section elementor-top-section elementor-element elementor-element-f400c07 elementor-section-boxed elementor-section-height-default elementor-section-height-default\" data-id=\"f400c07\" data-element_type=\"section\">\n\t\t\t\t\t\t<div class=\"elementor-container elementor-column-gap-default\">\n\t\t\t\t\t<div class=\"elementor-column elementor-col-100 elementor-top-column elementor-element elementor-element-91db592\" data-id=\"91db592\" data-element_type=\"column\">\n\t\t\t<div class=\"elementor-widget-wrap elementor-element-populated\">\n\t\t\t\t\t\t<div class=\"elementor-element elementor-element-598d0e7 elementor-widget elementor-widget-text-editor\" data-id=\"598d0e7\" data-element_type=\"widget\" data-widget_type=\"text-editor.default\">\n\t\t\t\t<div class=\"elementor-widget-container\">\n\t\t\t\t\t\t\t\t\t<p><span style=\"font-family: tg-fbnarrow-regular;\">En nuestro local, las <span style=\"color: #a73330;\">salas privadas<\/span>, suplen las carencias de las viviendas o trabajos, para celebraciones, fiestas familiares, de amigos, eventos, formaci\u00f3n etc. con un gran equipo de colaboradores (catering, animaci\u00f3n, decoraci\u00f3n, escape room, diferentes talleres etc.)\u00a0<\/span><\/p><p><span style=\"font-family: tg-fbnarrow-regular;\">Paralelamente, en <span style=\"color: #a73330;\"><a style=\"color: #a73330;\" href=\"https:\/\/www.quenotelocuenten.es\/index.php\/parole\/\" target=\"_blank\" rel=\"noopener\">ParoleParoleParole<\/a><\/span> compartimos experiencias, en una tertulia con un experto, mientras tomamos un brunch, cena&#8230;\u00a0 experiencia que nos parece de lo m\u00e1s enriquecedora para todos.\u00a0<\/span><\/p>\t\t\t\t\t\t\t\t<\/div>\n\t\t\t\t<\/div>\n\t\t\t\t\t<\/div>\n\t\t<\/div>\n\t\t\t\t\t<\/div>\n\t\t<\/section>\n\t\t\t\t<section class=\"elementor-section elementor-top-section elementor-element elementor-element-547661a elementor-section-boxed elementor-section-height-default elementor-section-height-default\" data-id=\"547661a\" data-element_type=\"section\">\n\t\t\t\t\t\t\t<div class=\"elementor-background-overlay\"><\/div>\n\t\t\t\t\t\t\t<div class=\"elementor-container elementor-column-gap-default\">\n\t\t\t\t\t<div class=\"elementor-column elementor-col-100 elementor-top-column elementor-element elementor-element-9ceddd5\" data-id=\"9ceddd5\" data-element_type=\"column\">\n\t\t\t<div class=\"elementor-widget-wrap elementor-element-populated\">\n\t\t\t\t\t\t<div class=\"elementor-element elementor-element-2823bbc elementor-widget elementor-widget-text-editor\" data-id=\"2823bbc\" data-element_type=\"widget\" data-widget_type=\"text-editor.default\">\n\t\t\t\t<div class=\"elementor-widget-container\">\n\t\t\t\t\t\t\t\t\t<p style=\"text-align: center;\">\u00a0<\/p><p style=\"text-align: center;\"><span style=\"background-color: #a73330; color: #ffffff; font-size: 14pt; text-align: start; font-family: tg-fbnarrow-regular;\">Web dise\u00f1ada por Grupo Villa Otium<\/span><\/p><p style=\"text-align: center;\"><span style=\"background-color: #a73330; color: #ffffff; font-size: 12pt; text-align: start; font-family: tg-fbnarrow-regular;\">Especialistas en Marketing Digital Estrat\u00e9gico y Dise\u00f1o Web<\/span><\/p><p style=\"text-align: center;\"><span style=\"background-color: #a73330; color: #ffffff; font-size: 12pt; text-align: start; font-family: tg-fbnarrow-regular;\">644 028 013<\/span><\/p><p style=\"text-align: center;\"><a href=\"http:\/\/www.grupovillaotium.com\">www.grupovillaotium.com<\/a><\/p>\t\t\t\t\t\t\t\t<\/div>\n\t\t\t\t<\/div>\n\t\t\t\t\t<\/div>\n\t\t<\/div>\n\t\t\t\t\t<\/div>\n\t\t<\/section>\n\t\t\t\t<\/div>\n\t\t","protected":false},"excerpt":{"rendered":"<p>CERRADO POR LA PANDEMIA \u00bfABRIREMOS UN NUEVO LOCAL?Nos gustar\u00eda, pero de momento NO tenemos planes.\u00a0 En nuestro local, las salas privadas, suplen las carencias de&hellip;<\/p>\n","protected":false},"author":1,"featured_media":0,"parent":0,"menu_order":0,"comment_status":"closed","ping_status":"closed","template":"elementor_header_footer","meta":{"_monsterinsights_skip_tracking":false,"_monsterinsights_sitenote_active":false,"_monsterinsights_sitenote_note":"","_monsterinsights_sitenote_category":0,"footnotes":""},"class_list":["post-78","page","type-page","status-publish","hentry"],"yoast_head":"<!-- This site is optimized with the Yoast SEO plugin v26.7 - https:\/\/yoast.com\/wordpress\/plugins\/seo\/ -->\n<title>BIENVENIDOS, INICIO - QUE NO TE LO CUENTEN.<\/title>\n<meta name=\"description\" content=\"Bienvenidos a las salas QNTLC. En el cuarto lugar podras disfrutar de tus eventos, fiestas y celebraciones con quien quieras, pasando unos buenos momentos.\" \/>\n<meta name=\"robots\" content=\"index, follow, max-snippet:-1, max-image-preview:large, max-video-preview:-1\" \/>\n<link rel=\"canonical\" href=\"https:\/\/www.quenotelocuenten.es\/\" \/>\n<meta property=\"og:locale\" content=\"es_ES\" \/>\n<meta property=\"og:type\" content=\"article\" \/>\n<meta property=\"og:title\" content=\"BIENVENIDOS, INICIO - QUE NO TE LO CUENTEN.\" \/>\n<meta property=\"og:description\" content=\"Bienvenidos a las salas QNTLC. En el cuarto lugar podras disfrutar de tus eventos, fiestas y celebraciones con quien quieras, pasando unos buenos momentos.\" \/>\n<meta property=\"og:url\" content=\"https:\/\/www.quenotelocuenten.es\/\" \/>\n<meta property=\"og:site_name\" content=\"QUE NO TE LO CUENTEN.\" \/>\n<meta property=\"article:publisher\" content=\"https:\/\/www.facebook.com\/quenotelocuenten.es\/\" \/>\n<meta property=\"article:modified_time\" content=\"2023-07-31T07:51:56+00:00\" \/>\n<meta name=\"twitter:card\" content=\"summary_large_image\" \/>\n<meta name=\"twitter:label1\" content=\"Tiempo de lectura\" \/>\n\t<meta name=\"twitter:data1\" content=\"1 minuto\" \/>\n<script type=\"application\/ld+json\" class=\"yoast-schema-graph\">{\"@context\":\"https:\/\/schema.org\",\"@graph\":[{\"@type\":\"WebPage\",\"@id\":\"https:\/\/www.quenotelocuenten.es\/\",\"url\":\"https:\/\/www.quenotelocuenten.es\/\",\"name\":\"BIENVENIDOS, INICIO - QUE NO TE LO CUENTEN.\",\"isPartOf\":{\"@id\":\"https:\/\/www.quenotelocuenten.es\/#website\"},\"datePublished\":\"2019-10-18T21:03:22+00:00\",\"dateModified\":\"2023-07-31T07:51:56+00:00\",\"description\":\"Bienvenidos a las salas QNTLC. En el cuarto lugar podras disfrutar de tus eventos, fiestas y celebraciones con quien quieras, pasando unos buenos momentos.\",\"breadcrumb\":{\"@id\":\"https:\/\/www.quenotelocuenten.es\/#breadcrumb\"},\"inLanguage\":\"es\",\"potentialAction\":[{\"@type\":\"ReadAction\",\"target\":[\"https:\/\/www.quenotelocuenten.es\/\"]}]},{\"@type\":\"BreadcrumbList\",\"@id\":\"https:\/\/www.quenotelocuenten.es\/#breadcrumb\",\"itemListElement\":[{\"@type\":\"ListItem\",\"position\":1,\"name\":\"Portada\",\"item\":\"https:\/\/www.quenotelocuenten.es\/\"},{\"@type\":\"ListItem\",\"position\":2,\"name\":\"INICIO\"}]},{\"@type\":\"WebSite\",\"@id\":\"https:\/\/www.quenotelocuenten.es\/#website\",\"url\":\"https:\/\/www.quenotelocuenten.es\/\",\"name\":\"QUE NO TE LO CUENTEN.\",\"description\":\"Salas privadas para eventos\",\"publisher\":{\"@id\":\"https:\/\/www.quenotelocuenten.es\/#organization\"},\"potentialAction\":[{\"@type\":\"SearchAction\",\"target\":{\"@type\":\"EntryPoint\",\"urlTemplate\":\"https:\/\/www.quenotelocuenten.es\/?s={search_term_string}\"},\"query-input\":{\"@type\":\"PropertyValueSpecification\",\"valueRequired\":true,\"valueName\":\"search_term_string\"}}],\"inLanguage\":\"es\"},{\"@type\":\"Organization\",\"@id\":\"https:\/\/www.quenotelocuenten.es\/#organization\",\"name\":\"QUE NO TE LO CUENTEN\",\"url\":\"https:\/\/www.quenotelocuenten.es\/\",\"logo\":{\"@type\":\"ImageObject\",\"inLanguage\":\"es\",\"@id\":\"https:\/\/www.quenotelocuenten.es\/#\/schema\/logo\/image\/\",\"url\":\"https:\/\/www.quenotelocuenten.es\/wp-content\/uploads\/2019\/11\/bandelora_simbolo-semiopaco.jpg\",\"contentUrl\":\"https:\/\/www.quenotelocuenten.es\/wp-content\/uploads\/2019\/11\/bandelora_simbolo-semiopaco.jpg\",\"width\":8543,\"height\":8543,\"caption\":\"QUE NO TE LO CUENTEN\"},\"image\":{\"@id\":\"https:\/\/www.quenotelocuenten.es\/#\/schema\/logo\/image\/\"},\"sameAs\":[\"https:\/\/www.facebook.com\/quenotelocuenten.es\/\",\"https:\/\/www.instagram.com\/quenotelocuenten.es\/\"]}]}<\/script>\n<!-- \/ Yoast SEO plugin. -->","yoast_head_json":{"title":"BIENVENIDOS, INICIO - QUE NO TE LO CUENTEN.","description":"Bienvenidos a las salas QNTLC. En el cuarto lugar podras disfrutar de tus eventos, fiestas y celebraciones con quien quieras, pasando unos buenos momentos.","robots":{"index":"index","follow":"follow","max-snippet":"max-snippet:-1","max-image-preview":"max-image-preview:large","max-video-preview":"max-video-preview:-1"},"canonical":"https:\/\/www.quenotelocuenten.es\/","og_locale":"es_ES","og_type":"article","og_title":"BIENVENIDOS, INICIO - QUE NO TE LO CUENTEN.","og_description":"Bienvenidos a las salas QNTLC. En el cuarto lugar podras disfrutar de tus eventos, fiestas y celebraciones con quien quieras, pasando unos buenos momentos.","og_url":"https:\/\/www.quenotelocuenten.es\/","og_site_name":"QUE NO TE LO CUENTEN.","article_publisher":"https:\/\/www.facebook.com\/quenotelocuenten.es\/","article_modified_time":"2023-07-31T07:51:56+00:00","twitter_card":"summary_large_image","twitter_misc":{"Tiempo de lectura":"1 minuto"},"schema":{"@context":"https:\/\/schema.org","@graph":[{"@type":"WebPage","@id":"https:\/\/www.quenotelocuenten.es\/","url":"https:\/\/www.quenotelocuenten.es\/","name":"BIENVENIDOS, INICIO - QUE NO TE LO CUENTEN.","isPartOf":{"@id":"https:\/\/www.quenotelocuenten.es\/#website"},"datePublished":"2019-10-18T21:03:22+00:00","dateModified":"2023-07-31T07:51:56+00:00","description":"Bienvenidos a las salas QNTLC. En el cuarto lugar podras disfrutar de tus eventos, fiestas y celebraciones con quien quieras, pasando unos buenos momentos.","breadcrumb":{"@id":"https:\/\/www.quenotelocuenten.es\/#breadcrumb"},"inLanguage":"es","potentialAction":[{"@type":"ReadAction","target":["https:\/\/www.quenotelocuenten.es\/"]}]},{"@type":"BreadcrumbList","@id":"https:\/\/www.quenotelocuenten.es\/#breadcrumb","itemListElement":[{"@type":"ListItem","position":1,"name":"Portada","item":"https:\/\/www.quenotelocuenten.es\/"},{"@type":"ListItem","position":2,"name":"INICIO"}]},{"@type":"WebSite","@id":"https:\/\/www.quenotelocuenten.es\/#website","url":"https:\/\/www.quenotelocuenten.es\/","name":"QUE NO TE LO CUENTEN.","description":"Salas privadas para eventos","publisher":{"@id":"https:\/\/www.quenotelocuenten.es\/#organization"},"potentialAction":[{"@type":"SearchAction","target":{"@type":"EntryPoint","urlTemplate":"https:\/\/www.quenotelocuenten.es\/?s={search_term_string}"},"query-input":{"@type":"PropertyValueSpecification","valueRequired":true,"valueName":"search_term_string"}}],"inLanguage":"es"},{"@type":"Organization","@id":"https:\/\/www.quenotelocuenten.es\/#organization","name":"QUE NO TE LO CUENTEN","url":"https:\/\/www.quenotelocuenten.es\/","logo":{"@type":"ImageObject","inLanguage":"es","@id":"https:\/\/www.quenotelocuenten.es\/#\/schema\/logo\/image\/","url":"https:\/\/www.quenotelocuenten.es\/wp-content\/uploads\/2019\/11\/bandelora_simbolo-semiopaco.jpg","contentUrl":"https:\/\/www.quenotelocuenten.es\/wp-content\/uploads\/2019\/11\/bandelora_simbolo-semiopaco.jpg","width":8543,"height":8543,"caption":"QUE NO TE LO CUENTEN"},"image":{"@id":"https:\/\/www.quenotelocuenten.es\/#\/schema\/logo\/image\/"},"sameAs":["https:\/\/www.facebook.com\/quenotelocuenten.es\/","https:\/\/www.instagram.com\/quenotelocuenten.es\/"]}]}},"_links":{"self":[{"href":"https:\/\/www.quenotelocuenten.es\/index.php\/wp-json\/wp\/v2\/pages\/78","targetHints":{"allow":["GET"]}}],"collection":[{"href":"https:\/\/www.quenotelocuenten.es\/index.php\/wp-json\/wp\/v2\/pages"}],"about":[{"href":"https:\/\/www.quenotelocuenten.es\/index.php\/wp-json\/wp\/v2\/types\/page"}],"author":[{"embeddable":true,"href":"https:\/\/www.quenotelocuenten.es\/index.php\/wp-json\/wp\/v2\/users\/1"}],"replies":[{"embeddable":true,"href":"https:\/\/www.quenotelocuenten.es\/index.php\/wp-json\/wp\/v2\/comments?post=78"}],"version-history":[{"count":59,"href":"https:\/\/www.quenotelocuenten.es\/index.php\/wp-json\/wp\/v2\/pages\/78\/revisions"}],"predecessor-version":[{"id":692,"href":"https:\/\/www.quenotelocuenten.es\/index.php\/wp-json\/wp\/v2\/pages\/78\/revisions\/692"}],"wp:attachment":[{"href":"https:\/\/www.quenotelocuenten.es\/index.php\/wp-json\/wp\/v2\/media?parent=78"}],"curies":[{"name":"wp","href":"https:\/\/api.w.org\/{rel}","templated":true}]}}