{"id":130,"date":"2019-10-31T20:49:55","date_gmt":"2019-10-31T19:49:55","guid":{"rendered":"http:\/\/www.quenotelocuenten.es\/carpeta\/?page_id=130"},"modified":"2020-02-12T21:29:55","modified_gmt":"2020-02-12T20:29:55","slug":"juguetes-solidarios","status":"publish","type":"page","link":"https:\/\/www.quenotelocuenten.es\/index.php\/juguetes-solidarios\/","title":{"rendered":"JUGUETES SOLIDARIOS"},"content":{"rendered":"\t\t<div data-elementor-type=\"wp-page\" data-elementor-id=\"130\" class=\"elementor elementor-130\">\n\t\t\t\t\t\t<section class=\"elementor-section elementor-top-section elementor-element elementor-element-c2a3009 elementor-section-boxed elementor-section-height-default elementor-section-height-default\" data-id=\"c2a3009\" data-element_type=\"section\">\n\t\t\t\t\t\t<div class=\"elementor-container elementor-column-gap-default\">\n\t\t\t\t\t<div class=\"elementor-column elementor-col-100 elementor-top-column elementor-element elementor-element-261e34f\" data-id=\"261e34f\" data-element_type=\"column\">\n\t\t\t<div class=\"elementor-widget-wrap elementor-element-populated\">\n\t\t\t\t\t\t<div class=\"elementor-element elementor-element-b5d2e4a elementor-widget elementor-widget-text-editor\" data-id=\"b5d2e4a\" data-element_type=\"widget\" data-widget_type=\"text-editor.default\">\n\t\t\t\t<div class=\"elementor-widget-container\">\n\t\t\t\t\t\t\t\t\t<p style=\"text-align: center;\"><span style=\"color: #000000; font-family: tg-fbnarrow-regular; font-size: 24pt;\">Juguetes solidarios<\/span><\/p><p><span style=\"color: #000000; font-family: tg-fbnarrow-regular; font-size: 14pt;\">El domingo 15 de Diciembre de 11:30 a 14:00 estaremos en las salas QUE NO TE LO CUENTEN, junto a QUIJOTA EDUCADORA, EL BA\u00daL DE GEPETTO y BARAB\u00da PAYASOS, recogiendo juguetes nuevos para que puedan llegar a los ni\u00f1os que est\u00e1n en hospitales, centros de menores, etc..\u00a0<\/span><\/p><p><span style=\"color: #000000;\"><span style=\"font-size: 18.6667px;\">An\u00edmate y partipa con nosotros para que otros ni\u00f1os tengan una navidad llena de ilusi\u00f3n. Te esperamos!!!<\/span><\/span><\/p>\t\t\t\t\t\t\t\t<\/div>\n\t\t\t\t<\/div>\n\t\t\t\t\t<\/div>\n\t\t<\/div>\n\t\t\t\t\t<\/div>\n\t\t<\/section>\n\t\t\t\t<section class=\"elementor-section elementor-top-section elementor-element elementor-element-5a8fc6b elementor-section-boxed elementor-section-height-default elementor-section-height-default\" data-id=\"5a8fc6b\" data-element_type=\"section\">\n\t\t\t\t\t\t<div class=\"elementor-container elementor-column-gap-default\">\n\t\t\t\t\t<div class=\"elementor-column elementor-col-100 elementor-top-column elementor-element elementor-element-01e9cc1\" data-id=\"01e9cc1\" data-element_type=\"column\">\n\t\t\t<div class=\"elementor-widget-wrap elementor-element-populated\">\n\t\t\t\t\t\t<div class=\"elementor-element elementor-element-064faab elementor-widget elementor-widget-image\" data-id=\"064faab\" data-element_type=\"widget\" data-widget_type=\"image.default\">\n\t\t\t\t<div class=\"elementor-widget-container\">\n\t\t\t\t\t\t\t\t\t\t\t\t\t\t\t<img decoding=\"async\" src=\"https:\/\/www.quenotelocuenten.es\/wp-content\/uploads\/elementor\/thumbs\/evento-solidario-ogtp1xeixvf0g9362pf934kkfcc6t4g8dx7grhnjo8.jpg\" title=\"evento solidario\" alt=\"Cartel de convocatoria Juguetes solidarios\" loading=\"lazy\" \/>\t\t\t\t\t\t\t\t\t\t\t\t\t\t\t<\/div>\n\t\t\t\t<\/div>\n\t\t\t\t\t<\/div>\n\t\t<\/div>\n\t\t\t\t\t<\/div>\n\t\t<\/section>\n\t\t\t\t<\/div>\n\t\t","protected":false},"excerpt":{"rendered":"<p>Juguetes solidarios El domingo 15 de Diciembre de 11:30 a 14:00 estaremos en las salas QUE NO TE LO CUENTEN, junto a QUIJOTA EDUCADORA, EL&hellip;<\/p>\n","protected":false},"author":1,"featured_media":0,"parent":0,"menu_order":0,"comment_status":"closed","ping_status":"closed","template":"","meta":{"_monsterinsights_skip_tracking":false,"_monsterinsights_sitenote_active":false,"_monsterinsights_sitenote_note":"","_monsterinsights_sitenote_category":0,"footnotes":""},"class_list":["post-130","page","type-page","status-publish","hentry"],"yoast_head":"<!-- This site is optimized with the Yoast SEO plugin v26.7 - https:\/\/yoast.com\/wordpress\/plugins\/seo\/ -->\n<title>JUGUETES SOLIDARIOS - QUE NO TE LO CUENTEN.<\/title>\n<meta name=\"description\" content=\"Juguetes solidarios es un evento en el que recogeremos juguetes nuevos para los ni\u00f1os hospitalizados y en exclusion social. Particpa!!\" \/>\n<meta name=\"robots\" content=\"index, follow, max-snippet:-1, max-image-preview:large, max-video-preview:-1\" \/>\n<link rel=\"canonical\" href=\"https:\/\/www.quenotelocuenten.es\/index.php\/juguetes-solidarios\/\" \/>\n<meta property=\"og:locale\" content=\"es_ES\" \/>\n<meta property=\"og:type\" content=\"article\" \/>\n<meta property=\"og:title\" content=\"JUGUETES SOLIDARIOS - QUE NO TE LO CUENTEN.\" \/>\n<meta property=\"og:description\" content=\"Juguetes solidarios es un evento en el que recogeremos juguetes nuevos para los ni\u00f1os hospitalizados y en exclusion social. Particpa!!\" \/>\n<meta property=\"og:url\" content=\"https:\/\/www.quenotelocuenten.es\/index.php\/juguetes-solidarios\/\" \/>\n<meta property=\"og:site_name\" content=\"QUE NO TE LO CUENTEN.\" \/>\n<meta property=\"article:publisher\" content=\"https:\/\/www.facebook.com\/quenotelocuenten.es\/\" \/>\n<meta property=\"article:modified_time\" content=\"2020-02-12T20:29:55+00:00\" \/>\n<meta property=\"og:image\" content=\"https:\/\/www.quenotelocuenten.es\/wp-content\/uploads\/elementor\/thumbs\/evento-solidario-ogv007oernag8juqzuafd37skf4xirrls23pldg8k8.jpg\" \/>\n<meta name=\"twitter:card\" content=\"summary_large_image\" \/>\n<script type=\"application\/ld+json\" class=\"yoast-schema-graph\">{\"@context\":\"https:\/\/schema.org\",\"@graph\":[{\"@type\":\"WebPage\",\"@id\":\"https:\/\/www.quenotelocuenten.es\/index.php\/juguetes-solidarios\/\",\"url\":\"https:\/\/www.quenotelocuenten.es\/index.php\/juguetes-solidarios\/\",\"name\":\"JUGUETES SOLIDARIOS - QUE NO TE LO CUENTEN.\",\"isPartOf\":{\"@id\":\"https:\/\/www.quenotelocuenten.es\/#website\"},\"primaryImageOfPage\":{\"@id\":\"https:\/\/www.quenotelocuenten.es\/index.php\/juguetes-solidarios\/#primaryimage\"},\"image\":{\"@id\":\"https:\/\/www.quenotelocuenten.es\/index.php\/juguetes-solidarios\/#primaryimage\"},\"thumbnailUrl\":\"https:\/\/www.quenotelocuenten.es\/wp-content\/uploads\/elementor\/thumbs\/evento-solidario-ogv007oernag8juqzuafd37skf4xirrls23pldg8k8.jpg\",\"datePublished\":\"2019-10-31T19:49:55+00:00\",\"dateModified\":\"2020-02-12T20:29:55+00:00\",\"description\":\"Juguetes solidarios es un evento en el que recogeremos juguetes nuevos para los ni\u00f1os hospitalizados y en exclusion social. Particpa!!\",\"breadcrumb\":{\"@id\":\"https:\/\/www.quenotelocuenten.es\/index.php\/juguetes-solidarios\/#breadcrumb\"},\"inLanguage\":\"es\",\"potentialAction\":[{\"@type\":\"ReadAction\",\"target\":[\"https:\/\/www.quenotelocuenten.es\/index.php\/juguetes-solidarios\/\"]}]},{\"@type\":\"ImageObject\",\"inLanguage\":\"es\",\"@id\":\"https:\/\/www.quenotelocuenten.es\/index.php\/juguetes-solidarios\/#primaryimage\",\"url\":\"https:\/\/www.quenotelocuenten.es\/wp-content\/uploads\/elementor\/thumbs\/evento-solidario-ogv007oernag8juqzuafd37skf4xirrls23pldg8k8.jpg\",\"contentUrl\":\"https:\/\/www.quenotelocuenten.es\/wp-content\/uploads\/elementor\/thumbs\/evento-solidario-ogv007oernag8juqzuafd37skf4xirrls23pldg8k8.jpg\"},{\"@type\":\"BreadcrumbList\",\"@id\":\"https:\/\/www.quenotelocuenten.es\/index.php\/juguetes-solidarios\/#breadcrumb\",\"itemListElement\":[{\"@type\":\"ListItem\",\"position\":1,\"name\":\"Portada\",\"item\":\"https:\/\/www.quenotelocuenten.es\/\"},{\"@type\":\"ListItem\",\"position\":2,\"name\":\"JUGUETES SOLIDARIOS\"}]},{\"@type\":\"WebSite\",\"@id\":\"https:\/\/www.quenotelocuenten.es\/#website\",\"url\":\"https:\/\/www.quenotelocuenten.es\/\",\"name\":\"QUE NO TE LO CUENTEN.\",\"description\":\"Salas privadas para eventos\",\"publisher\":{\"@id\":\"https:\/\/www.quenotelocuenten.es\/#organization\"},\"potentialAction\":[{\"@type\":\"SearchAction\",\"target\":{\"@type\":\"EntryPoint\",\"urlTemplate\":\"https:\/\/www.quenotelocuenten.es\/?s={search_term_string}\"},\"query-input\":{\"@type\":\"PropertyValueSpecification\",\"valueRequired\":true,\"valueName\":\"search_term_string\"}}],\"inLanguage\":\"es\"},{\"@type\":\"Organization\",\"@id\":\"https:\/\/www.quenotelocuenten.es\/#organization\",\"name\":\"QUE NO TE LO CUENTEN\",\"url\":\"https:\/\/www.quenotelocuenten.es\/\",\"logo\":{\"@type\":\"ImageObject\",\"inLanguage\":\"es\",\"@id\":\"https:\/\/www.quenotelocuenten.es\/#\/schema\/logo\/image\/\",\"url\":\"https:\/\/www.quenotelocuenten.es\/wp-content\/uploads\/2019\/11\/bandelora_simbolo-semiopaco.jpg\",\"contentUrl\":\"https:\/\/www.quenotelocuenten.es\/wp-content\/uploads\/2019\/11\/bandelora_simbolo-semiopaco.jpg\",\"width\":8543,\"height\":8543,\"caption\":\"QUE NO TE LO CUENTEN\"},\"image\":{\"@id\":\"https:\/\/www.quenotelocuenten.es\/#\/schema\/logo\/image\/\"},\"sameAs\":[\"https:\/\/www.facebook.com\/quenotelocuenten.es\/\",\"https:\/\/www.instagram.com\/quenotelocuenten.es\/\"]}]}<\/script>\n<!-- \/ Yoast SEO plugin. -->","yoast_head_json":{"title":"JUGUETES SOLIDARIOS - QUE NO TE LO CUENTEN.","description":"Juguetes solidarios es un evento en el que recogeremos juguetes nuevos para los ni\u00f1os hospitalizados y en exclusion social. Particpa!!","robots":{"index":"index","follow":"follow","max-snippet":"max-snippet:-1","max-image-preview":"max-image-preview:large","max-video-preview":"max-video-preview:-1"},"canonical":"https:\/\/www.quenotelocuenten.es\/index.php\/juguetes-solidarios\/","og_locale":"es_ES","og_type":"article","og_title":"JUGUETES SOLIDARIOS - QUE NO TE LO CUENTEN.","og_description":"Juguetes solidarios es un evento en el que recogeremos juguetes nuevos para los ni\u00f1os hospitalizados y en exclusion social. Particpa!!","og_url":"https:\/\/www.quenotelocuenten.es\/index.php\/juguetes-solidarios\/","og_site_name":"QUE NO TE LO CUENTEN.","article_publisher":"https:\/\/www.facebook.com\/quenotelocuenten.es\/","article_modified_time":"2020-02-12T20:29:55+00:00","og_image":[{"url":"https:\/\/www.quenotelocuenten.es\/wp-content\/uploads\/elementor\/thumbs\/evento-solidario-ogv007oernag8juqzuafd37skf4xirrls23pldg8k8.jpg","type":"","width":"","height":""}],"twitter_card":"summary_large_image","schema":{"@context":"https:\/\/schema.org","@graph":[{"@type":"WebPage","@id":"https:\/\/www.quenotelocuenten.es\/index.php\/juguetes-solidarios\/","url":"https:\/\/www.quenotelocuenten.es\/index.php\/juguetes-solidarios\/","name":"JUGUETES SOLIDARIOS - QUE NO TE LO CUENTEN.","isPartOf":{"@id":"https:\/\/www.quenotelocuenten.es\/#website"},"primaryImageOfPage":{"@id":"https:\/\/www.quenotelocuenten.es\/index.php\/juguetes-solidarios\/#primaryimage"},"image":{"@id":"https:\/\/www.quenotelocuenten.es\/index.php\/juguetes-solidarios\/#primaryimage"},"thumbnailUrl":"https:\/\/www.quenotelocuenten.es\/wp-content\/uploads\/elementor\/thumbs\/evento-solidario-ogv007oernag8juqzuafd37skf4xirrls23pldg8k8.jpg","datePublished":"2019-10-31T19:49:55+00:00","dateModified":"2020-02-12T20:29:55+00:00","description":"Juguetes solidarios es un evento en el que recogeremos juguetes nuevos para los ni\u00f1os hospitalizados y en exclusion social. Particpa!!","breadcrumb":{"@id":"https:\/\/www.quenotelocuenten.es\/index.php\/juguetes-solidarios\/#breadcrumb"},"inLanguage":"es","potentialAction":[{"@type":"ReadAction","target":["https:\/\/www.quenotelocuenten.es\/index.php\/juguetes-solidarios\/"]}]},{"@type":"ImageObject","inLanguage":"es","@id":"https:\/\/www.quenotelocuenten.es\/index.php\/juguetes-solidarios\/#primaryimage","url":"https:\/\/www.quenotelocuenten.es\/wp-content\/uploads\/elementor\/thumbs\/evento-solidario-ogv007oernag8juqzuafd37skf4xirrls23pldg8k8.jpg","contentUrl":"https:\/\/www.quenotelocuenten.es\/wp-content\/uploads\/elementor\/thumbs\/evento-solidario-ogv007oernag8juqzuafd37skf4xirrls23pldg8k8.jpg"},{"@type":"BreadcrumbList","@id":"https:\/\/www.quenotelocuenten.es\/index.php\/juguetes-solidarios\/#breadcrumb","itemListElement":[{"@type":"ListItem","position":1,"name":"Portada","item":"https:\/\/www.quenotelocuenten.es\/"},{"@type":"ListItem","position":2,"name":"JUGUETES SOLIDARIOS"}]},{"@type":"WebSite","@id":"https:\/\/www.quenotelocuenten.es\/#website","url":"https:\/\/www.quenotelocuenten.es\/","name":"QUE NO TE LO CUENTEN.","description":"Salas privadas para eventos","publisher":{"@id":"https:\/\/www.quenotelocuenten.es\/#organization"},"potentialAction":[{"@type":"SearchAction","target":{"@type":"EntryPoint","urlTemplate":"https:\/\/www.quenotelocuenten.es\/?s={search_term_string}"},"query-input":{"@type":"PropertyValueSpecification","valueRequired":true,"valueName":"search_term_string"}}],"inLanguage":"es"},{"@type":"Organization","@id":"https:\/\/www.quenotelocuenten.es\/#organization","name":"QUE NO TE LO CUENTEN","url":"https:\/\/www.quenotelocuenten.es\/","logo":{"@type":"ImageObject","inLanguage":"es","@id":"https:\/\/www.quenotelocuenten.es\/#\/schema\/logo\/image\/","url":"https:\/\/www.quenotelocuenten.es\/wp-content\/uploads\/2019\/11\/bandelora_simbolo-semiopaco.jpg","contentUrl":"https:\/\/www.quenotelocuenten.es\/wp-content\/uploads\/2019\/11\/bandelora_simbolo-semiopaco.jpg","width":8543,"height":8543,"caption":"QUE NO TE LO CUENTEN"},"image":{"@id":"https:\/\/www.quenotelocuenten.es\/#\/schema\/logo\/image\/"},"sameAs":["https:\/\/www.facebook.com\/quenotelocuenten.es\/","https:\/\/www.instagram.com\/quenotelocuenten.es\/"]}]}},"_links":{"self":[{"href":"https:\/\/www.quenotelocuenten.es\/index.php\/wp-json\/wp\/v2\/pages\/130","targetHints":{"allow":["GET"]}}],"collection":[{"href":"https:\/\/www.quenotelocuenten.es\/index.php\/wp-json\/wp\/v2\/pages"}],"about":[{"href":"https:\/\/www.quenotelocuenten.es\/index.php\/wp-json\/wp\/v2\/types\/page"}],"author":[{"embeddable":true,"href":"https:\/\/www.quenotelocuenten.es\/index.php\/wp-json\/wp\/v2\/users\/1"}],"replies":[{"embeddable":true,"href":"https:\/\/www.quenotelocuenten.es\/index.php\/wp-json\/wp\/v2\/comments?post=130"}],"version-history":[{"count":14,"href":"https:\/\/www.quenotelocuenten.es\/index.php\/wp-json\/wp\/v2\/pages\/130\/revisions"}],"predecessor-version":[{"id":553,"href":"https:\/\/www.quenotelocuenten.es\/index.php\/wp-json\/wp\/v2\/pages\/130\/revisions\/553"}],"wp:attachment":[{"href":"https:\/\/www.quenotelocuenten.es\/index.php\/wp-json\/wp\/v2\/media?parent=130"}],"curies":[{"name":"wp","href":"https:\/\/api.w.org\/{rel}","templated":true}]}}